{"id":639,"date":"2021-02-15T13:36:05","date_gmt":"2021-02-15T13:36:05","guid":{"rendered":"https:\/\/Legendenraeuber.de\/?page_id=639"},"modified":"2022-06-03T12:11:22","modified_gmt":"2022-06-03T12:11:22","slug":"one-page-express","status":"publish","type":"page","link":"https:\/\/Legendenraeuber.de\/","title":{"rendered":"Front Page"},"content":{"rendered":"\t\t<div data-elementor-type=\"wp-page\" data-elementor-id=\"639\" class=\"elementor elementor-639\" data-elementor-settings=\"[]\">\n\t\t\t\t\t\t<div class=\"elementor-inner\">\n\t\t\t\t\t\t\t<div class=\"elementor-section-wrap\">\n\t\t\t\t\t\t\t<section class=\"elementor-section elementor-top-section elementor-element elementor-element-6ef237de elementor-section-boxed elementor-section-height-default elementor-section-height-default\" data-id=\"6ef237de\" data-element_type=\"section\">\n\t\t\t\t\t\t<div class=\"elementor-container elementor-column-gap-default\">\n\t\t\t\t\t\t\t<div class=\"elementor-row\">\n\t\t\t\t\t<div class=\"elementor-column elementor-col-100 elementor-top-column elementor-element elementor-element-7f34bf2e\" data-id=\"7f34bf2e\" data-element_type=\"column\">\n\t\t\t<div class=\"elementor-column-wrap elementor-element-populated\">\n\t\t\t\t\t\t\t<div class=\"elementor-widget-wrap\">\n\t\t\t\t\t\t<div class=\"elementor-element elementor-element-b090826 elementor-widget elementor-widget-text-editor\" data-id=\"b090826\" data-element_type=\"widget\" data-widget_type=\"text-editor.default\">\n\t\t\t\t<div class=\"elementor-widget-container\">\n\t\t\t\t\t<div class=\"elementor-text-editor elementor-clearfix\"><div id=\"ueber-und-einstieg\" class=\"about-big-images-section\" style=\"background-color: #f6f6f6;\" data-label=\"Ueber und einstieg\" data-id=\"about-big-images-section\" data-category=\"about\"><div class=\"gridContainer\"><div class=\"about-big-images-textrow\"><div class=\"about-big-images-textcol dynamic-color\" data-type=\"column\"><h3 class=\"\">Ein lustiger, bunter Haufen der einfach ein bisschen Spa\u00df beim Spielen hat.<\/h3><div class=\"spacer\" data-type=\"group\">\u00a0<\/div><p><a class=\"button blue big\" href=\"https:\/\/discord.gg\/VuKPR2tkDs\" target=\"_blank\" rel=\"noopener\">Hier gehts zum Discord Server<\/a><\/p><div class=\"spacer\" data-type=\"group\">\u00a0<\/div><\/div><\/div><\/div><div class=\"about-big-images-bottomrow\"><div class=\"about-big-images-leftimgcol\"><img class=\"about-big-images-leftimg\" src=\"https:\/\/Legendenraeuber.de\/wp-content\/uploads\/2019\/08\/DiscordAush\u00e4ngeSchild2-e1613429009306.png\" alt=\"\" \/><\/div><div class=\"about-big-images-centerimgcol\"><img class=\"about-big-images-centerimg\" src=\"https:\/\/Legendenraeuber.de\/wp-content\/uploads\/2019\/10\/nWaegTYQ.jpeg\" alt=\"\" \/><\/div><div class=\"about-big-images-rightimgcol\"><img class=\"about-big-images-rightimg\" src=\"https:\/\/Legendenraeuber.de\/wp-content\/uploads\/2021\/02\/cropped-Waschbaer5.png\" alt=\"\" \/><\/div><\/div><\/div><div id=\"das-sind-unsere-server\" class=\"cta-blue-section\" data-label=\"Das sind unsere Server\" data-id=\"cta-blue-section\" data-category=\"cta\"><div class=\"gridContainer\"><div class=\"flexbox-list flexbox-list-align-center row\"><div class=\"cta-blue-textcol dynamic-color\"><h2 class=\"cta-blue-text\"><b>Das sind unsere Server:\u00a0<\/b><\/h2><\/div><div class=\"cta-blue-btncol\"><a class=\"button big yellow dark-text\" href=\"https:\/\/legendenraeuber.de?page_id=37\" target=\"_self\" rel=\"noopener\"> Hier gehts zur Bildergalerie <\/a><\/div><\/div><\/div><\/div><div id=\"unsere-server\" class=\"features-image-cards-section stripped-features-image-cards-section\" style=\"background-color: #ffffff;\" data-label=\"Unsere Server\" data-id=\"stripped-features-image-cards-section\" data-category=\"overlapable\" data-=\"\" data-overlap=\"true\"><div class=\"gridContainer\"><div class=\"features-image-cards-innerrow flexbox-list\" data-type=\"row\"><div class=\"features-image-cards-cardcol cp6cols-tablet cp3cols\"><div class=\"features-image-cards-cardrow\"><p><img class=\"features-image-cards-featimg\" src=\"https:\/\/Legendenraeuber.de\/wp-content\/uploads\/2020\/03\/20200104194625_1-e1613429166995.jpg\" alt=\"\" \/><\/p><div class=\"features-image-cards-cardtextrow\" data-type=\"column\"><h4 class=\"\">Conan Exiles \u2013 Exiled Lands<\/h4><p class=\"\">Angefangen hat alles mit Conan Exiles und der \u201aalten\u2018 Map.<br \/><br \/>Hier haben wir mit einigen Mods daf\u00fcr gesorgt, dass man auch l\u00e4nger zu tun hat wie nur das \u00fcbliche Level 60.<\/p><hr class=\"features-image-cards-separator\" \/><p><i class=\"fa cp-icon fa1 fa-angle-right\" data-reiki-hidden=\"true\"><\/i><a class=\"\" href=\"https:\/\/legendenraeuber.de?page_id=131\" target=\"_self\" rel=\"noopener\">mehr Infos<\/a><\/p><\/div><\/div><\/div><div class=\"features-image-cards-cardcol cp6cols-tablet cp3cols\"><div class=\"features-image-cards-cardrow\"><p><img class=\"features-image-cards-featimg\" src=\"https:\/\/Legendenraeuber.de\/wp-content\/uploads\/2021\/02\/SPOILER_20200916224443_1.jpg\" alt=\"\" \/><\/p><div class=\"features-image-cards-cardtextrow\" data-type=\"column\"><h4 class=\"\">Conan Exiles \u2013 Siptah\u00a0<\/h4><p class=\"\">Die Erweiterungsmap zu Conan Exiles.<br \/><br \/>Hier gibt es ein ganz neues Gebiet zu entdecken und erobern.<br \/><br \/>Schaut doch mal vorbei<\/p><hr class=\"features-image-cards-separator\" \/><p><a class=\"\" href=\"https:\/\/legendenraeuber.de?page_id=131\" target=\"_self\" rel=\"noopener\">mehr Infos<\/a><\/p><\/div><\/div><\/div><div class=\"features-image-cards-cardcol cp6cols-tablet cp3cols\"><div class=\"features-image-cards-cardrow\"><p><img class=\"features-image-cards-featimg\" src=\"https:\/\/Legendenraeuber.de\/wp-content\/uploads\/2021\/02\/346110_screenshots_20200229050841_1.jpg\" alt=\"\" \/><\/p><div class=\"features-image-cards-cardtextrow\" data-type=\"column\"><h4 class=\"\">Ark \u2013 Cluster\u00a0<\/h4><p class=\"\">F\u00fcr Ark-Begeisterte haben wir sogar mehrere Maps auf denen ihr euch zu gen\u00fcge\u00a0 austoben k\u00f6nnt.<br \/><br \/>Welche das alle sind erfahrt ihr, wenn ihr auf \u201amehr Infos\u2018 geht.\u00a0<\/p><hr class=\"features-image-cards-separator\" \/><p><a class=\"\" href=\"https:\/\/legendenraeuber.de?page_id=425\" target=\"_self\" rel=\"noopener\">mehr Infos<\/a><\/p><\/div><\/div><\/div><div class=\"features-image-cards-cardcol cp6cols-tablet cp3cols\"><div class=\"features-image-cards-cardrow\"><p><img class=\"features-image-cards-featimg\" src=\"https:\/\/Legendenraeuber.de\/wp-content\/uploads\/2021\/02\/20210217213252_1.jpg\" alt=\"\" \/><\/p><div class=\"features-image-cards-cardtextrow\" data-type=\"column\"><h4 class=\"\">Subsistence<\/h4><p class=\"\">Ein noch recht neues Survial \u2013 Spiel f\u00fcr diejenigen, die sich gerne an etwas heran wagen, was frisch auf den Markt gekommen ist.<br \/><br \/>Traut euch!<\/p><hr class=\"features-image-cards-separator\" \/><p><a class=\"\" href=\"https:\/\/legendenraeuber.de?page_id=533\" target=\"_self\" rel=\"noopener\">mehr Infos<\/a><\/p><\/div><\/div><\/div><\/div><\/div><\/div><div id=\"spenden\" class=\"content-left-image-section content-image-left\" style=\"background-color: #f6f6f6;\" data-label=\"Spenden\" data-id=\"content-image-left\" data-category=\"content\"><div class=\"gridContainer\"><div class=\"row\"><div class=\"content-left-image-imgcol\" data-type=\"column\"><img class=\"\" src=\"https:\/\/Legendenraeuber.de\/wp-content\/uploads\/2019\/09\/20190901175335_1.jpg\" alt=\"\" \/><\/div><div class=\"content-left-image-textcol dynamic-color\" data-type=\"column\"><h2 class=\"\">Spenden<\/h2><p class=\"large_text\">Ohne die Spendenbereitschaft unserer Community w\u00fcrden unsere Server schon lange nicht mehr existieren. Die Serverhostingkosten der gro\u00dfen Maschine, die Wartung und Pflege w\u00e4ren alles nicht stemmbar ohne Spenden. Wenn Ihr wollt das der Spielspa\u00df weiter geht und es euch auf unseren Servern gef\u00e4llt, lasst doch ein paar Groschen f\u00fcr uns da. Vielen Dank!<\/p><p><a class=\"button blue\" href=\"https:\/\/paypal.me\/pools\/c\/8wrAfSMbYd\" target=\"_self\" rel=\"noopener\"> Link zum Paypal \u2013 Konto <\/a><\/p><\/div><\/div><\/div><\/div><div id=\"numbers\" class=\"numbers-section\" data-label=\"Numbers\" data-id=\"numbers-section\" data-category=\"numbers\" data-bg=\"transparent\" data-parallax-depth=\"20\"><div class=\"gridContainer dynamic-color\"><div class=\"numbers-itemcol\"><h2 class=\"numbers-numbertext\">freundliche<\/h2><h3 class=\"numbers-titletext\">Community\u00a0<\/h3><\/div><div class=\"numbers-itemcol\"><h2 class=\"numbers-numbertext\">10<\/h2><h3 class=\"numbers-titletext\">Bespielbare Server<\/h3><\/div><div class=\"numbers-itemcol-last\"><h2 class=\"numbers-numbertext\">\u00fcber 1.000<\/h2><h3 class=\"numbers-titletext\">Stunden Spielspa\u00df<\/h3><\/div><\/div><\/div><div id=\"about-2\" class=\"about-four-boxes-section\" style=\"background-color: #f6f6f6;\" data-label=\"About\" data-id=\"about-four-boxes-section\" data-category=\"about\"><div class=\"gridContainer\"><div class=\"about-four-boxes-innerrow flexbox-list\"><div class=\"about-four-boxes-imgcol\" style=\"background-image: url(;\" data-bg=\"image\">\u00a0<\/div><div class=\"about-four-boxes-textcol\" data-type=\"column\"><h6 class=\"\">\u00a0<\/h6><h2 class=\"\">Jetzt f\u00fcr euch:<\/h2><p><a class=\"\" href=\"https:\/\/www.getshirts.de\/index.php?page=shop&amp;id=4146&amp;sorting=sold&amp;group=artikel&amp;reset=1\" target=\"_self\" rel=\"noopener\">Hier gehts zum Shop<\/a><\/p><p class=\"\">Wir haben es geschafft und endlich eine kleine Auswahl<br \/><br \/>an Merch f\u00fcr euch bereit gestellt.<\/p><\/div><div class=\"about-four-boxes-textcol\" data-type=\"column\"><h6 class=\"\">\u00a0<\/h6><h2 class=\"\">Legendenr\u00e4uber \u2013 Merch!<\/h2><p class=\"\">psst! Weitere Produktbeispielbilder werden bald folgen.<\/p><\/div><div class=\"about-four-boxes-imgcol2\" data-bg=\"image\">\u00a0<\/div><\/div><\/div><\/div><div id=\"communitystimmen\" class=\"testimonials-boxed-section\" style=\"background-color: #f6f6f6;\" data-label=\"CommunityStimmen\" data-id=\"testimonials-boxed-section\" data-category=\"testimonials\"><div class=\"gridContainer\"><div class=\"testimonials-boxed-textcol dynamic-color\" data-type=\"column\"><h2 class=\"\">Stimmen aus der Community<\/h2><p class=\"\">Hier ein paar Worte von einigen Mitgliedern, die schon l\u00e4nger dabei sind.<\/p><\/div><div class=\"testimonials-boxed-itemsrow dark-text\" data-type=\"row\"><div class=\"testimonials-boxed-itemcol cp4cols cp6cols-tablet\"><div class=\"testimonials-boxed-itemcard\" data-type=\"column\"><h4 class=\"testimonials-boxed-itemtext\">Die \u201eLegendenr\u00e4uber\u201c sind f\u00fcr mich ein \u201enach Hause kommen\u201c auf der virtuellen Ebene. Ich wei\u00df, wir werden den Abend \u00fcber Spa\u00df haben, viel lachen und gemeinsam eine gute Zeit haben. Gleichzeitig finde ich Gleichgesinnte f\u00fcr anregende Diskussionen \u00fcber die verschiedensten Themen und ich wei\u00df ebenso, dass man hier f\u00fcr alles und jeden, der eine \u201eUmarmung\u201c braucht, ein offenes Ohr hat. <br \/>Dabei stehen f\u00fcr mich selber nicht mal die Spiele im Vordergrund, die nat\u00fcrlich in der Gruppe richtig Spa\u00df machen, sondern die Leute, die f\u00fcr mich die Zeit zu einem Umami-Moment machen, also den Umami-Geschmack (vollmundig) in mein Gem\u00fct \u00fcbertragen. Sie sind f\u00fcr mich ein wichtiger Teil meiner Wahlfamilie.<\/h4><p><img class=\"testimonials-boxed-itemimg\" src=\"https:\/\/Legendenraeuber.de\/wp-content\/uploads\/2021\/02\/cropped-cropped-Waschbaer5-1.png\" alt=\"\" data-size=\"500x500\" \/><\/p><h5 class=\"testimonials-boxed-itemname\">\u00a0<\/h5><h6 class=\"testimonials-boxed-itempos\">\u00a0<\/h6><\/div><\/div><div class=\"testimonials-boxed-itemcol cp4cols cp6cols-tablet\"><div class=\"testimonials-boxed-itemcard\" data-type=\"column\"><h4 class=\"testimonials-boxed-itemtext\">\u201cLorem ipsum dolor sit amet, consectetur adipisicing elit, sed do eiusmod tempor incididunt ut labore et dolore magna aliqua. Ut enim ad minim veniam.\u201d<\/h4><p><img class=\"testimonials-boxed-itemimg\" src=\"https:\/\/Legendenraeuber.de\/wp-content\/plugins\/one-page-express-companion\/theme-data\/one-page-express\/sections\/images\/face9.jpg\" data-size=\"500x500\" \/><\/p><h5 class=\"testimonials-boxed-itemname\">Eric Black<\/h5><h6 class=\"testimonials-boxed-itempos\">CEO @ COOLAPP<\/h6><\/div><\/div><div class=\"testimonials-boxed-itemcol cp4cols cp6cols-tablet\"><div class=\"testimonials-boxed-itemcard\" data-type=\"column\"><h4 class=\"testimonials-boxed-itemtext\">\u201cLorem ipsum dolor sit amet, consectetur adipisicing elit, sed do eiusmod tempor incididunt ut labore et dolore magna aliqua. Ut enim ad minim veniam.\u201d<\/h4><p><img class=\"testimonials-boxed-itemimg\" src=\"https:\/\/Legendenraeuber.de\/wp-content\/plugins\/one-page-express-companion\/theme-data\/one-page-express\/sections\/images\/face7.jpg\" data-size=\"500x500\" \/><\/p><h5 class=\"testimonials-boxed-itemname\">John Collins<\/h5><h6 class=\"testimonials-boxed-itempos\">CEO @ COOLAPP<\/h6><\/div><\/div><\/div><\/div><\/div><div id=\"team-1\" class=\"team-colors-section\" style=\"background-color: #ffffff;\" data-label=\"Team\" data-id=\"team-colors-section\" data-category=\"team\"><div class=\"gridContainer\"><div class=\"team-colors-textcol dynamic-color\"><h2>Unser Adminteam<\/h2><p class=\"\">Der Chaotentrupp, der das Projekt \u201aLegendenr\u00e4uber\u2018 ins Leben gerufen hat und<br \/><br \/>euch bei s\u00e4mtlichen Fragen \u00fcber Discord zur Verf\u00fcgung steht.<\/p><\/div><div class=\"team-colors-membersrow dark-text\" data-type=\"row\"><div class=\"team-colors-membercol cp3cols cp6cols-tablet\"><div class=\"team-colors-membercard\"><div class=\"team-colors-background\">\u00a0<\/div><div class=\"team-colors-memberinfo\" data-type=\"column\"><p><img class=\"team-colors-memberimg\" src=\"https:\/\/Legendenraeuber.de\/wp-content\/uploads\/2019\/08\/cropped-KrischiAvatar.png\" alt=\"\" data-size=\"500x500\" \/><\/p><h4 class=\"team-colors-membername\">Belsas<\/h4><p class=\"team-colors-memberposition\">Serververwalter<\/p><p class=\"\">Der Mann f\u00fcrs Grobe und f\u00fcrs Feine wenn es darum geht die Server ans Laufen zu bringen und zu warten.<\/p><hr class=\"team-colors-separator\" \/><\/div><div class=\"team-colors-membericons\" data-type=\"group\">\u00a0<\/div><\/div><\/div><div class=\"team-colors-membercol cp3cols cp6cols-tablet\"><div class=\"team-colors-membercard\"><div class=\"team-colors-background\">\u00a0<\/div><div class=\"team-colors-memberinfo\" data-type=\"column\"><p><img class=\"team-colors-memberimg\" src=\"https:\/\/Legendenraeuber.de\/wp-content\/uploads\/2019\/08\/cropped-ChrisAvatar.png\" alt=\"\" data-size=\"500x500\" \/><\/p><h4 class=\"team-colors-membername\">Gobson<\/h4><p class=\"team-colors-memberposition\">Discordoberhaupt<\/p><p class=\"\">Der Mann, der sich in Discord um alles k\u00fcmmert, Kan\u00e4le erstellt und eine Ordnung sowie den \u00dcberblick beh\u00e4lt.<\/p><hr class=\"team-colors-separator\" \/><\/div><div class=\"team-colors-membericons\" data-type=\"group\">\u00a0<\/div><\/div><\/div><div class=\"team-colors-membercol cp3cols cp6cols-tablet\"><div class=\"team-colors-membercard\"><div class=\"team-colors-background\">\u00a0<\/div><div class=\"team-colors-memberinfo\" data-type=\"column\"><p><img class=\"team-colors-memberimg\" src=\"https:\/\/Legendenraeuber.de\/wp-content\/uploads\/2019\/08\/cropped-LenaAvatar2.png\" alt=\"\" data-size=\"500x500\" \/><\/p><h4 class=\"team-colors-membername\">Bambie<\/h4><p class=\"team-colors-memberposition\">Grafikerin<\/p><p class=\"\">Der -mehr oder weniger- flinke Finger in der Gruppe wenn es darum geht neue Grafiken und Profilbilder zu erstellen.<\/p><hr class=\"team-colors-separator\" \/><\/div><div class=\"team-colors-membericons\" data-type=\"group\">\u00a0<\/div><\/div><\/div><div class=\"team-colors-membercol cp3cols cp6cols-tablet\"><div class=\"team-colors-membercard\"><div class=\"team-colors-background\">\u00a0<\/div><div class=\"team-colors-memberinfo\" data-type=\"column\"><p><img class=\"team-colors-memberimg\" src=\"https:\/\/Legendenraeuber.de\/wp-content\/uploads\/2021\/02\/cropped-Julia.png\" alt=\"\" data-size=\"500x500\" \/><\/p><h4 class=\"team-colors-membername\">Lotusalia<\/h4><p class=\"team-colors-memberposition\">Medienbeauftragte<\/p><p class=\"\">Unsere Medienbeauftragte, die unsere social-media-Kan\u00e4le auf dem Laufenden h\u00e4lt und Alle mit\u00a0 News versorgt.<\/p><hr class=\"team-colors-separator\" \/><\/div><div class=\"team-colors-membericons\" data-type=\"group\">\u00a0<\/div><\/div><\/div><\/div><\/div><\/div><div id=\"testimonials-2\" class=\"testimonials-full-section\" style=\"background-color: #ffffff;\" data-label=\"Testimonials\" data-id=\"testimonials-full-section\" data-category=\"testimonials\"><div class=\"testimonials-full-section\"><div class=\"testimonials-full-textrow dynamic-color\"><div class=\"testimonials-full-textcol\" data-type=\"column\"><h2 class=\"\">since 04.08.2019<\/h2><div class=\"spacer\" data-type=\"group\">\u00a0<\/div><p><a class=\"button blue\" href=\"https:\/\/legendenraeuber.de?page_id=329\" target=\"_self\" rel=\"noopener\">Impressum<\/a><\/p><\/div><\/div><div class=\"testimonials-full-itemsrow dynamic-color\" data-type=\"row\"><div class=\"testimonials-full-itemcol cp4cols cp6cols-tablet\"><div class=\"testimonials-full-imgcol\" data-preview-empty=\"1\">\u00a0<\/div><div class=\"testimonials-full-itemtextcol\" data-type=\"column\">\u00a0<\/div><\/div><\/div><\/div><\/div><\/div>\n\t\t\t\t<\/div>\n\t\t\t\t<\/div>\n\t\t\t\t\t\t<\/div>\n\t\t\t\t\t<\/div>\n\t\t<\/div>\n\t\t\t\t\t\t\t\t<\/div>\n\t\t\t\t\t<\/div>\n\t\t<\/section>\n\t\t\t\t\t\t<\/div>\n\t\t\t\t\t\t<\/div>\n\t\t\t\t\t<\/div>\n\t\t","protected":false},"excerpt":{"rendered":"","protected":false},"author":2,"featured_media":0,"parent":0,"menu_order":0,"comment_status":"closed","ping_status":"closed","template":"","meta":[],"_links":{"self":[{"href":"https:\/\/Legendenraeuber.de\/index.php?rest_route=\/wp\/v2\/pages\/639"}],"collection":[{"href":"https:\/\/Legendenraeuber.de\/index.php?rest_route=\/wp\/v2\/pages"}],"about":[{"href":"https:\/\/Legendenraeuber.de\/index.php?rest_route=\/wp\/v2\/types\/page"}],"author":[{"embeddable":true,"href":"https:\/\/Legendenraeuber.de\/index.php?rest_route=\/wp\/v2\/users\/2"}],"replies":[{"embeddable":true,"href":"https:\/\/Legendenraeuber.de\/index.php?rest_route=%2Fwp%2Fv2%2Fcomments&post=639"}],"version-history":[{"count":51,"href":"https:\/\/Legendenraeuber.de\/index.php?rest_route=\/wp\/v2\/pages\/639\/revisions"}],"predecessor-version":[{"id":854,"href":"https:\/\/Legendenraeuber.de\/index.php?rest_route=\/wp\/v2\/pages\/639\/revisions\/854"}],"wp:attachment":[{"href":"https:\/\/Legendenraeuber.de\/index.php?rest_route=%2Fwp%2Fv2%2Fmedia&parent=639"}],"curies":[{"name":"wp","href":"https:\/\/api.w.org\/{rel}","templated":true}]}}